{"id":759,"date":"2022-03-11T01:55:47","date_gmt":"2022-03-11T04:55:47","guid":{"rendered":"https:\/\/lenguasvivasbariloche.edu.ar\/?page_id=759"},"modified":"2022-07-05T17:03:23","modified_gmt":"2022-07-05T20:03:23","slug":"evaluacion-de-nivel-linguistico%ef%bf%bc","status":"publish","type":"page","link":"https:\/\/lenguasvivasbariloche.edu.ar\/en\/evaluacion-de-nivel-linguistico%ef%bf%bc\/","title":{"rendered":"Placement tests"},"content":{"rendered":"<div data-elementor-type=\"wp-page\" data-elementor-id=\"759\" class=\"elementor elementor-759\">\n\t\t\t\t\t\t\t\t\t<section class=\"elementor-section elementor-top-section elementor-element elementor-element-1b4c092 elementor-section-full_width elementor-section-height-default elementor-section-height-default\" data-id=\"1b4c092\" data-element_type=\"section\" data-settings=\"{&quot;background_background&quot;:&quot;classic&quot;}\">\n\t\t\t\t\t\t\t<div class=\"elementor-background-overlay\"><\/div>\n\t\t\t\t\t\t\t<div class=\"elementor-container elementor-column-gap-default\">\n\t\t\t\t\t<div class=\"elementor-column elementor-col-100 elementor-top-column elementor-element elementor-element-e02ea94\" data-id=\"e02ea94\" data-element_type=\"column\" data-settings=\"{&quot;background_background&quot;:&quot;classic&quot;}\">\n\t\t\t<div class=\"elementor-widget-wrap elementor-element-populated\">\n\t\t\t\t\t\t\t\t<section class=\"elementor-section elementor-inner-section elementor-element elementor-element-e1b1123 animated-slow elementor-section-boxed elementor-section-height-default elementor-section-height-default elementor-invisible\" data-id=\"e1b1123\" data-element_type=\"section\" data-settings=\"{&quot;animation&quot;:&quot;fadeInUp&quot;}\">\n\t\t\t\t\t\t<div class=\"elementor-container elementor-column-gap-default\">\n\t\t\t\t\t<div class=\"elementor-column elementor-col-100 elementor-inner-column elementor-element elementor-element-b7792b6\" data-id=\"b7792b6\" data-element_type=\"column\" data-settings=\"{&quot;background_background&quot;:&quot;classic&quot;}\">\n\t\t\t<div class=\"elementor-widget-wrap elementor-element-populated\">\n\t\t\t\t\t\t\t\t<div class=\"elementor-element elementor-element-4553ac2 elementor-widget elementor-widget-heading\" data-id=\"4553ac2\" data-element_type=\"widget\" data-widget_type=\"heading.default\">\n\t\t\t\t<div class=\"elementor-widget-container\">\n\t\t\t<style>\/*! elementor - v3.13.3 - 28-05-2023 *\/\n.elementor-heading-title{padding:0;margin:0;line-height:1}.elementor-widget-heading .elementor-heading-title[class*=elementor-size-]>a{color:inherit;font-size:inherit;line-height:inherit}.elementor-widget-heading .elementor-heading-title.elementor-size-small{font-size:15px}.elementor-widget-heading .elementor-heading-title.elementor-size-medium{font-size:19px}.elementor-widget-heading .elementor-heading-title.elementor-size-large{font-size:29px}.elementor-widget-heading .elementor-heading-title.elementor-size-xl{font-size:39px}.elementor-widget-heading .elementor-heading-title.elementor-size-xxl{font-size:59px}<\/style><h2 class=\"elementor-heading-title elementor-size-default\">Placement tests<\/h2>\t\t<\/div>\n\t\t\t\t<\/div>\n\t\t\t\t\t<\/div>\n\t\t<\/div>\n\t\t\t\t\t\t\t<\/div>\n\t\t<\/section>\n\t\t\t\t\t<\/div>\n\t\t<\/div>\n\t\t\t\t\t\t\t<\/div>\n\t\t<\/section>\n\t\t\t\t<section class=\"elementor-section elementor-top-section elementor-element elementor-element-a46a8ac elementor-section-boxed elementor-section-height-default elementor-section-height-default\" data-id=\"a46a8ac\" data-element_type=\"section\">\n\t\t\t\t\t\t<div class=\"elementor-container elementor-column-gap-default\">\n\t\t\t\t\t<div class=\"elementor-column elementor-col-100 elementor-top-column elementor-element elementor-element-63dbdd4\" data-id=\"63dbdd4\" data-element_type=\"column\">\n\t\t\t<div class=\"elementor-widget-wrap elementor-element-populated\">\n\t\t\t\t\t\t\t\t<section class=\"elementor-section elementor-inner-section elementor-element elementor-element-3af2f7f elementor-section-boxed elementor-section-height-default elementor-section-height-default\" data-id=\"3af2f7f\" data-element_type=\"section\">\n\t\t\t\t\t\t<div class=\"elementor-container elementor-column-gap-default\">\n\t\t\t\t\t<div class=\"elementor-column elementor-col-100 elementor-inner-column elementor-element elementor-element-5fc9d20 elementor-invisible\" data-id=\"5fc9d20\" data-element_type=\"column\" data-settings=\"{&quot;animation&quot;:&quot;fadeIn&quot;}\">\n\t\t\t<div class=\"elementor-widget-wrap elementor-element-populated\">\n\t\t\t\t\t\t\t\t<div class=\"elementor-element elementor-element-965aa5e elementor-invisible elementor-widget elementor-widget-text-editor\" data-id=\"965aa5e\" data-element_type=\"widget\" data-settings=\"{&quot;_animation&quot;:&quot;fadeIn&quot;,&quot;_animation_delay&quot;:200}\" data-widget_type=\"text-editor.default\">\n\t\t\t\t<div class=\"elementor-widget-container\">\n\t\t\t<style>\/*! elementor - v3.13.3 - 28-05-2023 *\/\n.elementor-widget-text-editor.elementor-drop-cap-view-stacked .elementor-drop-cap{background-color:#69727d;color:#fff}.elementor-widget-text-editor.elementor-drop-cap-view-framed .elementor-drop-cap{color:#69727d;border:3px solid;background-color:transparent}.elementor-widget-text-editor:not(.elementor-drop-cap-view-default) .elementor-drop-cap{margin-top:8px}.elementor-widget-text-editor:not(.elementor-drop-cap-view-default) .elementor-drop-cap-letter{width:1em;height:1em}.elementor-widget-text-editor .elementor-drop-cap{float:left;text-align:center;line-height:1;font-size:50px}.elementor-widget-text-editor .elementor-drop-cap-letter{display:inline-block}<\/style>\t\t\t\t<p>El\u00a0<strong>Instituto Lenguas Vivas\u00a0Bariloche<\/strong> presta sus servicios como instituci\u00f3n evaluadora externa del nivel ling\u00fc\u00edstico de ingl\u00e9s. Su funci\u00f3n es supervisar las evaluaciones orales y escritas en instituciones educativas o empresas, para luego expedir el certificado que acredita el nivel ling\u00fc\u00edstico de los alumnos o empleados.<\/p><p>Para averiguar m\u00e1s detalles sobre este servicio, contactanos<\/p>\t\t\t\t\t\t<\/div>\n\t\t\t\t<\/div>\n\t\t\t\t<div class=\"elementor-element elementor-element-e53699f elementor-widget elementor-widget-button\" data-id=\"e53699f\" data-element_type=\"widget\" data-widget_type=\"button.default\">\n\t\t\t\t<div class=\"elementor-widget-container\">\n\t\t\t\t\t<div class=\"elementor-button-wrapper\">\n\t\t\t<a href=\"https:\/\/lenguasvivasbariloche.edu.ar\/en\/contacto\/\" class=\"elementor-button-link elementor-button elementor-size-sm elementor-animation-float\" role=\"button\">\n\t\t\t\t\t\t<span class=\"elementor-button-content-wrapper\">\n\t\t\t\t\t\t<span class=\"elementor-button-text\">Contact now<\/span>\n\t\t<\/span>\n\t\t\t\t\t<\/a>\n\t\t<\/div>\n\t\t\t\t<\/div>\n\t\t\t\t<\/div>\n\t\t\t\t\t<\/div>\n\t\t<\/div>\n\t\t\t\t\t\t\t<\/div>\n\t\t<\/section>\n\t\t\t\t\t<\/div>\n\t\t<\/div>\n\t\t\t\t\t\t\t<\/div>\n\t\t<\/section>\n\t\t\t\t\t\t\t<\/div>","protected":false},"excerpt":{"rendered":"<p>Evaluaci\u00f3n de nivel ling\u00fc\u00edstico El\u00a0Instituto Lenguas Vivas\u00a0Bariloche presta sus servicios como instituci\u00f3n evaluadora externa del nivel ling\u00fc\u00edstico de ingl\u00e9s. Su funci\u00f3n es supervisar las evaluaciones orales y escritas en instituciones educativas o empresas, para luego expedir el certificado que acredita el nivel ling\u00fc\u00edstico de los alumnos o empleados. Para averiguar m\u00e1s detalles sobre este servicio, [&hellip;]<\/p>","protected":false},"author":1,"featured_media":0,"parent":0,"menu_order":0,"comment_status":"closed","ping_status":"closed","template":"","meta":{"footnotes":""},"class_list":["post-759","page","type-page","status-publish","hentry"],"yoast_head":"<!-- This site is optimized with the Yoast SEO plugin v20.4 - https:\/\/yoast.com\/wordpress\/plugins\/seo\/ -->\n<title>Evaluaci\u00f3n de nivel ling\u00fc\u00edstico - Lenguas Vivas Bariloche<\/title>\n<meta name=\"robots\" content=\"index, follow, max-snippet:-1, max-image-preview:large, max-video-preview:-1\" \/>\n<link rel=\"canonical\" href=\"https:\/\/lenguasvivasbariloche.edu.ar\/en\/evaluacion-de-nivel-linguistico\ufffc\/\" \/>\n<meta property=\"og:locale\" content=\"en_US\" \/>\n<meta property=\"og:type\" content=\"article\" \/>\n<meta property=\"og:title\" content=\"Evaluaci\u00f3n de nivel ling\u00fc\u00edstico - Lenguas Vivas Bariloche\" \/>\n<meta property=\"og:description\" content=\"Evaluaci\u00f3n de nivel ling\u00fc\u00edstico El\u00a0Instituto Lenguas Vivas\u00a0Bariloche presta sus servicios como instituci\u00f3n evaluadora externa del nivel ling\u00fc\u00edstico de ingl\u00e9s. Su funci\u00f3n es supervisar las evaluaciones orales y escritas en instituciones educativas o empresas, para luego expedir el certificado que acredita el nivel ling\u00fc\u00edstico de los alumnos o empleados. Para averiguar m\u00e1s detalles sobre este servicio, [&hellip;]\" \/>\n<meta property=\"og:url\" content=\"https:\/\/lenguasvivasbariloche.edu.ar\/en\/evaluacion-de-nivel-linguistico\ufffc\/\" \/>\n<meta property=\"og:site_name\" content=\"Lenguas Vivas Bariloche\" \/>\n<meta property=\"article:publisher\" content=\"https:\/\/www.facebook.com\/instituto.lenguasvivas.bariloche\/\" \/>\n<meta property=\"article:modified_time\" content=\"2022-07-05T20:03:23+00:00\" \/>\n<meta name=\"twitter:card\" content=\"summary_large_image\" \/>\n<script type=\"application\/ld+json\" class=\"yoast-schema-graph\">{\"@context\":\"https:\/\/schema.org\",\"@graph\":[{\"@type\":\"WebPage\",\"@id\":\"https:\/\/lenguasvivasbariloche.edu.ar\/en\/evaluacion-de-nivel-linguistico%ef%bf%bc\/\",\"url\":\"https:\/\/lenguasvivasbariloche.edu.ar\/en\/evaluacion-de-nivel-linguistico%ef%bf%bc\/\",\"name\":\"Evaluaci\u00f3n de nivel ling\u00fc\u00edstico - Lenguas Vivas Bariloche\",\"isPartOf\":{\"@id\":\"https:\/\/lenguasvivasbariloche.edu.ar\/#website\"},\"datePublished\":\"2022-03-11T04:55:47+00:00\",\"dateModified\":\"2022-07-05T20:03:23+00:00\",\"breadcrumb\":{\"@id\":\"https:\/\/lenguasvivasbariloche.edu.ar\/en\/evaluacion-de-nivel-linguistico%ef%bf%bc\/#breadcrumb\"},\"inLanguage\":\"en-US\",\"potentialAction\":[{\"@type\":\"ReadAction\",\"target\":[\"https:\/\/lenguasvivasbariloche.edu.ar\/en\/evaluacion-de-nivel-linguistico%ef%bf%bc\/\"]}]},{\"@type\":\"BreadcrumbList\",\"@id\":\"https:\/\/lenguasvivasbariloche.edu.ar\/en\/evaluacion-de-nivel-linguistico%ef%bf%bc\/#breadcrumb\",\"itemListElement\":[{\"@type\":\"ListItem\",\"position\":1,\"name\":\"Inicio\",\"item\":\"https:\/\/lenguasvivasbariloche.edu.ar\/\"},{\"@type\":\"ListItem\",\"position\":2,\"name\":\"Evaluaci\u00f3n de nivel ling\u00fc\u00edstico\"}]},{\"@type\":\"WebSite\",\"@id\":\"https:\/\/lenguasvivasbariloche.edu.ar\/#website\",\"url\":\"https:\/\/lenguasvivasbariloche.edu.ar\/\",\"name\":\"Lenguas Vivas Bariloche\",\"description\":\"Profesorado de ingl\u00e9s a distancia\",\"publisher\":{\"@id\":\"https:\/\/lenguasvivasbariloche.edu.ar\/#organization\"},\"potentialAction\":[{\"@type\":\"SearchAction\",\"target\":{\"@type\":\"EntryPoint\",\"urlTemplate\":\"https:\/\/lenguasvivasbariloche.edu.ar\/?s={search_term_string}\"},\"query-input\":\"required name=search_term_string\"}],\"inLanguage\":\"en-US\"},{\"@type\":\"Organization\",\"@id\":\"https:\/\/lenguasvivasbariloche.edu.ar\/#organization\",\"name\":\"Lenguas Vivas Bariloche\",\"url\":\"https:\/\/lenguasvivasbariloche.edu.ar\/\",\"logo\":{\"@type\":\"ImageObject\",\"inLanguage\":\"en-US\",\"@id\":\"https:\/\/lenguasvivasbariloche.edu.ar\/#\/schema\/logo\/image\/\",\"url\":\"https:\/\/lenguasvivasbariloche.edu.ar\/wp-content\/uploads\/2022\/03\/lenguas-vivas_con-bajada-1.png\",\"contentUrl\":\"https:\/\/lenguasvivasbariloche.edu.ar\/wp-content\/uploads\/2022\/03\/lenguas-vivas_con-bajada-1.png\",\"width\":695,\"height\":202,\"caption\":\"Lenguas Vivas Bariloche\"},\"image\":{\"@id\":\"https:\/\/lenguasvivasbariloche.edu.ar\/#\/schema\/logo\/image\/\"},\"sameAs\":[\"https:\/\/www.facebook.com\/instituto.lenguasvivas.bariloche\/\",\"https:\/\/www.instagram.com\/lenguasvivasbariloche\/\",\"https:\/\/www.linkedin.com\/company\/ifdc-lenguas-vivas\/\",\"https:\/\/www.youtube.com\/channel\/UC46lr58dHe4ykajP0BKHSMA\"]}]}<\/script>\n<!-- \/ Yoast SEO plugin. -->","yoast_head_json":{"title":"Evaluaci\u00f3n de nivel ling\u00fc\u00edstico - Lenguas Vivas Bariloche","robots":{"index":"index","follow":"follow","max-snippet":"max-snippet:-1","max-image-preview":"max-image-preview:large","max-video-preview":"max-video-preview:-1"},"canonical":"https:\/\/lenguasvivasbariloche.edu.ar\/en\/evaluacion-de-nivel-linguistico\ufffc\/","og_locale":"en_US","og_type":"article","og_title":"Evaluaci\u00f3n de nivel ling\u00fc\u00edstico - Lenguas Vivas Bariloche","og_description":"Evaluaci\u00f3n de nivel ling\u00fc\u00edstico El\u00a0Instituto Lenguas Vivas\u00a0Bariloche presta sus servicios como instituci\u00f3n evaluadora externa del nivel ling\u00fc\u00edstico de ingl\u00e9s. Su funci\u00f3n es supervisar las evaluaciones orales y escritas en instituciones educativas o empresas, para luego expedir el certificado que acredita el nivel ling\u00fc\u00edstico de los alumnos o empleados. Para averiguar m\u00e1s detalles sobre este servicio, [&hellip;]","og_url":"https:\/\/lenguasvivasbariloche.edu.ar\/en\/evaluacion-de-nivel-linguistico\ufffc\/","og_site_name":"Lenguas Vivas Bariloche","article_publisher":"https:\/\/www.facebook.com\/instituto.lenguasvivas.bariloche\/","article_modified_time":"2022-07-05T20:03:23+00:00","twitter_card":"summary_large_image","schema":{"@context":"https:\/\/schema.org","@graph":[{"@type":"WebPage","@id":"https:\/\/lenguasvivasbariloche.edu.ar\/en\/evaluacion-de-nivel-linguistico%ef%bf%bc\/","url":"https:\/\/lenguasvivasbariloche.edu.ar\/en\/evaluacion-de-nivel-linguistico%ef%bf%bc\/","name":"Evaluaci\u00f3n de nivel ling\u00fc\u00edstico - Lenguas Vivas Bariloche","isPartOf":{"@id":"https:\/\/lenguasvivasbariloche.edu.ar\/#website"},"datePublished":"2022-03-11T04:55:47+00:00","dateModified":"2022-07-05T20:03:23+00:00","breadcrumb":{"@id":"https:\/\/lenguasvivasbariloche.edu.ar\/en\/evaluacion-de-nivel-linguistico%ef%bf%bc\/#breadcrumb"},"inLanguage":"en-US","potentialAction":[{"@type":"ReadAction","target":["https:\/\/lenguasvivasbariloche.edu.ar\/en\/evaluacion-de-nivel-linguistico%ef%bf%bc\/"]}]},{"@type":"BreadcrumbList","@id":"https:\/\/lenguasvivasbariloche.edu.ar\/en\/evaluacion-de-nivel-linguistico%ef%bf%bc\/#breadcrumb","itemListElement":[{"@type":"ListItem","position":1,"name":"Inicio","item":"https:\/\/lenguasvivasbariloche.edu.ar\/"},{"@type":"ListItem","position":2,"name":"Evaluaci\u00f3n de nivel ling\u00fc\u00edstico"}]},{"@type":"WebSite","@id":"https:\/\/lenguasvivasbariloche.edu.ar\/#website","url":"https:\/\/lenguasvivasbariloche.edu.ar\/","name":"Lenguas Vivas Bariloche","description":"Profesorado de ingl\u00e9s a distancia","publisher":{"@id":"https:\/\/lenguasvivasbariloche.edu.ar\/#organization"},"potentialAction":[{"@type":"SearchAction","target":{"@type":"EntryPoint","urlTemplate":"https:\/\/lenguasvivasbariloche.edu.ar\/?s={search_term_string}"},"query-input":"required name=search_term_string"}],"inLanguage":"en-US"},{"@type":"Organization","@id":"https:\/\/lenguasvivasbariloche.edu.ar\/#organization","name":"Lenguas Vivas Bariloche","url":"https:\/\/lenguasvivasbariloche.edu.ar\/","logo":{"@type":"ImageObject","inLanguage":"en-US","@id":"https:\/\/lenguasvivasbariloche.edu.ar\/#\/schema\/logo\/image\/","url":"https:\/\/lenguasvivasbariloche.edu.ar\/wp-content\/uploads\/2022\/03\/lenguas-vivas_con-bajada-1.png","contentUrl":"https:\/\/lenguasvivasbariloche.edu.ar\/wp-content\/uploads\/2022\/03\/lenguas-vivas_con-bajada-1.png","width":695,"height":202,"caption":"Lenguas Vivas Bariloche"},"image":{"@id":"https:\/\/lenguasvivasbariloche.edu.ar\/#\/schema\/logo\/image\/"},"sameAs":["https:\/\/www.facebook.com\/instituto.lenguasvivas.bariloche\/","https:\/\/www.instagram.com\/lenguasvivasbariloche\/","https:\/\/www.linkedin.com\/company\/ifdc-lenguas-vivas\/","https:\/\/www.youtube.com\/channel\/UC46lr58dHe4ykajP0BKHSMA"]}]}},"_links":{"self":[{"href":"https:\/\/lenguasvivasbariloche.edu.ar\/en\/wp-json\/wp\/v2\/pages\/759","targetHints":{"allow":["GET"]}}],"collection":[{"href":"https:\/\/lenguasvivasbariloche.edu.ar\/en\/wp-json\/wp\/v2\/pages"}],"about":[{"href":"https:\/\/lenguasvivasbariloche.edu.ar\/en\/wp-json\/wp\/v2\/types\/page"}],"author":[{"embeddable":true,"href":"https:\/\/lenguasvivasbariloche.edu.ar\/en\/wp-json\/wp\/v2\/users\/1"}],"replies":[{"embeddable":true,"href":"https:\/\/lenguasvivasbariloche.edu.ar\/en\/wp-json\/wp\/v2\/comments?post=759"}],"version-history":[{"count":19,"href":"https:\/\/lenguasvivasbariloche.edu.ar\/en\/wp-json\/wp\/v2\/pages\/759\/revisions"}],"predecessor-version":[{"id":1539,"href":"https:\/\/lenguasvivasbariloche.edu.ar\/en\/wp-json\/wp\/v2\/pages\/759\/revisions\/1539"}],"wp:attachment":[{"href":"https:\/\/lenguasvivasbariloche.edu.ar\/en\/wp-json\/wp\/v2\/media?parent=759"}],"curies":[{"name":"wp","href":"https:\/\/api.w.org\/{rel}","templated":true}]}}