{"id":757,"date":"2022-03-11T01:54:38","date_gmt":"2022-03-11T04:54:38","guid":{"rendered":"https:\/\/lenguasvivasbariloche.edu.ar\/?page_id=757"},"modified":"2022-07-05T17:03:24","modified_gmt":"2022-07-05T20:03:24","slug":"servicio-de-traduccion","status":"publish","type":"page","link":"https:\/\/lenguasvivasbariloche.edu.ar\/en\/servicio-de-traduccion\/","title":{"rendered":"Translation services"},"content":{"rendered":"<div data-elementor-type=\"wp-page\" data-elementor-id=\"757\" class=\"elementor elementor-757\">\n\t\t\t\t\t\t\t\t\t<section class=\"elementor-section elementor-top-section elementor-element elementor-element-09494af elementor-section-full_width elementor-section-height-default elementor-section-height-default\" data-id=\"09494af\" data-element_type=\"section\" data-settings=\"{&quot;background_background&quot;:&quot;classic&quot;}\">\n\t\t\t\t\t\t\t<div class=\"elementor-background-overlay\"><\/div>\n\t\t\t\t\t\t\t<div class=\"elementor-container elementor-column-gap-default\">\n\t\t\t\t\t<div class=\"elementor-column elementor-col-100 elementor-top-column elementor-element elementor-element-c33970f\" data-id=\"c33970f\" data-element_type=\"column\" data-settings=\"{&quot;background_background&quot;:&quot;classic&quot;}\">\n\t\t\t<div class=\"elementor-widget-wrap elementor-element-populated\">\n\t\t\t\t\t\t\t\t<section class=\"elementor-section elementor-inner-section elementor-element elementor-element-d962342 animated-slow elementor-section-boxed elementor-section-height-default elementor-section-height-default elementor-invisible\" data-id=\"d962342\" data-element_type=\"section\" data-settings=\"{&quot;animation&quot;:&quot;fadeInUp&quot;}\">\n\t\t\t\t\t\t<div class=\"elementor-container elementor-column-gap-default\">\n\t\t\t\t\t<div class=\"elementor-column elementor-col-100 elementor-inner-column elementor-element elementor-element-26ba667\" data-id=\"26ba667\" data-element_type=\"column\" data-settings=\"{&quot;background_background&quot;:&quot;classic&quot;}\">\n\t\t\t<div class=\"elementor-widget-wrap elementor-element-populated\">\n\t\t\t\t\t\t\t\t<div class=\"elementor-element elementor-element-47b9cb7 elementor-widget elementor-widget-heading\" data-id=\"47b9cb7\" data-element_type=\"widget\" data-widget_type=\"heading.default\">\n\t\t\t\t<div class=\"elementor-widget-container\">\n\t\t\t<style>\/*! elementor - v3.13.3 - 28-05-2023 *\/\n.elementor-heading-title{padding:0;margin:0;line-height:1}.elementor-widget-heading .elementor-heading-title[class*=elementor-size-]>a{color:inherit;font-size:inherit;line-height:inherit}.elementor-widget-heading .elementor-heading-title.elementor-size-small{font-size:15px}.elementor-widget-heading .elementor-heading-title.elementor-size-medium{font-size:19px}.elementor-widget-heading .elementor-heading-title.elementor-size-large{font-size:29px}.elementor-widget-heading .elementor-heading-title.elementor-size-xl{font-size:39px}.elementor-widget-heading .elementor-heading-title.elementor-size-xxl{font-size:59px}<\/style><h2 class=\"elementor-heading-title elementor-size-default\">Translation services<\/h2>\t\t<\/div>\n\t\t\t\t<\/div>\n\t\t\t\t<div class=\"elementor-element elementor-element-82374bc elementor-widget elementor-widget-heading\" data-id=\"82374bc\" data-element_type=\"widget\" data-widget_type=\"heading.default\">\n\t\t\t\t<div class=\"elementor-widget-container\">\n\t\t\t<h6 class=\"elementor-heading-title elementor-size-default\">A specialised team<\/h6>\t\t<\/div>\n\t\t\t\t<\/div>\n\t\t\t\t\t<\/div>\n\t\t<\/div>\n\t\t\t\t\t\t\t<\/div>\n\t\t<\/section>\n\t\t\t\t\t<\/div>\n\t\t<\/div>\n\t\t\t\t\t\t\t<\/div>\n\t\t<\/section>\n\t\t\t\t<section class=\"elementor-section elementor-top-section elementor-element elementor-element-dc8312d elementor-section-boxed elementor-section-height-default elementor-section-height-default\" data-id=\"dc8312d\" data-element_type=\"section\">\n\t\t\t\t\t\t<div class=\"elementor-container elementor-column-gap-default\">\n\t\t\t\t\t<div class=\"elementor-column elementor-col-100 elementor-top-column elementor-element elementor-element-f9d6b42\" data-id=\"f9d6b42\" data-element_type=\"column\">\n\t\t\t<div class=\"elementor-widget-wrap elementor-element-populated\">\n\t\t\t\t\t\t\t\t<section class=\"elementor-section elementor-inner-section elementor-element elementor-element-7c58eab elementor-section-boxed elementor-section-height-default elementor-section-height-default\" data-id=\"7c58eab\" data-element_type=\"section\">\n\t\t\t\t\t\t<div class=\"elementor-container elementor-column-gap-default\">\n\t\t\t\t\t<div class=\"elementor-column elementor-col-100 elementor-inner-column elementor-element elementor-element-c646f08 elementor-invisible\" data-id=\"c646f08\" data-element_type=\"column\" data-settings=\"{&quot;animation&quot;:&quot;fadeIn&quot;}\">\n\t\t\t<div class=\"elementor-widget-wrap elementor-element-populated\">\n\t\t\t\t\t\t\t\t<div class=\"elementor-element elementor-element-336a788 elementor-invisible elementor-widget elementor-widget-text-editor\" data-id=\"336a788\" data-element_type=\"widget\" data-settings=\"{&quot;_animation&quot;:&quot;fadeIn&quot;,&quot;_animation_delay&quot;:200}\" data-widget_type=\"text-editor.default\">\n\t\t\t\t<div class=\"elementor-widget-container\">\n\t\t\t<style>\/*! elementor - v3.13.3 - 28-05-2023 *\/\n.elementor-widget-text-editor.elementor-drop-cap-view-stacked .elementor-drop-cap{background-color:#69727d;color:#fff}.elementor-widget-text-editor.elementor-drop-cap-view-framed .elementor-drop-cap{color:#69727d;border:3px solid;background-color:transparent}.elementor-widget-text-editor:not(.elementor-drop-cap-view-default) .elementor-drop-cap{margin-top:8px}.elementor-widget-text-editor:not(.elementor-drop-cap-view-default) .elementor-drop-cap-letter{width:1em;height:1em}.elementor-widget-text-editor .elementor-drop-cap{float:left;text-align:center;line-height:1;font-size:50px}.elementor-widget-text-editor .elementor-drop-cap-letter{display:inline-block}<\/style>\t\t\t\t<p class=\" translation-block\">The specialised team of translators and interpreters of the<strong> Instituto Lenguas Vivas Bariloche<\/strong> works with literary, technical-scientific and legal translations, as well as ad hoc interpretations.<\/p><p class=\" translation-block\">Please, contact us and send us the project for budgeting. If necessary, the whole process can be conducted online, by contacting us to our email address:  <a href=\"mailto:secretaria.lenguasvivas@gmail.com\" target=\"_self\">secretaria.lenguasvivas@gmail.com<\/a><\/p>\t\t\t\t\t\t<\/div>\n\t\t\t\t<\/div>\n\t\t\t\t<div class=\"elementor-element elementor-element-059abfa elementor-widget-divider--view-line elementor-widget elementor-widget-divider\" data-id=\"059abfa\" data-element_type=\"widget\" data-widget_type=\"divider.default\">\n\t\t\t\t<div class=\"elementor-widget-container\">\n\t\t\t<style>\/*! elementor - v3.13.3 - 28-05-2023 *\/\n.elementor-widget-divider{--divider-border-style:none;--divider-border-width:1px;--divider-color:#0c0d0e;--divider-icon-size:20px;--divider-element-spacing:10px;--divider-pattern-height:24px;--divider-pattern-size:20px;--divider-pattern-url:none;--divider-pattern-repeat:repeat-x}.elementor-widget-divider .elementor-divider{display:flex}.elementor-widget-divider .elementor-divider__text{font-size:15px;line-height:1;max-width:95%}.elementor-widget-divider .elementor-divider__element{margin:0 var(--divider-element-spacing);flex-shrink:0}.elementor-widget-divider .elementor-icon{font-size:var(--divider-icon-size)}.elementor-widget-divider .elementor-divider-separator{display:flex;margin:0;direction:ltr}.elementor-widget-divider--view-line_icon .elementor-divider-separator,.elementor-widget-divider--view-line_text .elementor-divider-separator{align-items:center}.elementor-widget-divider--view-line_icon .elementor-divider-separator:after,.elementor-widget-divider--view-line_icon .elementor-divider-separator:before,.elementor-widget-divider--view-line_text .elementor-divider-separator:after,.elementor-widget-divider--view-line_text .elementor-divider-separator:before{display:block;content:\"\";border-bottom:0;flex-grow:1;border-top:var(--divider-border-width) var(--divider-border-style) var(--divider-color)}.elementor-widget-divider--element-align-left .elementor-divider .elementor-divider-separator>.elementor-divider__svg:first-of-type{flex-grow:0;flex-shrink:100}.elementor-widget-divider--element-align-left .elementor-divider-separator:before{content:none}.elementor-widget-divider--element-align-left .elementor-divider__element{margin-left:0}.elementor-widget-divider--element-align-right .elementor-divider .elementor-divider-separator>.elementor-divider__svg:last-of-type{flex-grow:0;flex-shrink:100}.elementor-widget-divider--element-align-right .elementor-divider-separator:after{content:none}.elementor-widget-divider--element-align-right .elementor-divider__element{margin-right:0}.elementor-widget-divider:not(.elementor-widget-divider--view-line_text):not(.elementor-widget-divider--view-line_icon) .elementor-divider-separator{border-top:var(--divider-border-width) var(--divider-border-style) var(--divider-color)}.elementor-widget-divider--separator-type-pattern{--divider-border-style:none}.elementor-widget-divider--separator-type-pattern.elementor-widget-divider--view-line .elementor-divider-separator,.elementor-widget-divider--separator-type-pattern:not(.elementor-widget-divider--view-line) .elementor-divider-separator:after,.elementor-widget-divider--separator-type-pattern:not(.elementor-widget-divider--view-line) .elementor-divider-separator:before,.elementor-widget-divider--separator-type-pattern:not([class*=elementor-widget-divider--view]) .elementor-divider-separator{width:100%;min-height:var(--divider-pattern-height);-webkit-mask-size:var(--divider-pattern-size) 100%;mask-size:var(--divider-pattern-size) 100%;-webkit-mask-repeat:var(--divider-pattern-repeat);mask-repeat:var(--divider-pattern-repeat);background-color:var(--divider-color);-webkit-mask-image:var(--divider-pattern-url);mask-image:var(--divider-pattern-url)}.elementor-widget-divider--no-spacing{--divider-pattern-size:auto}.elementor-widget-divider--bg-round{--divider-pattern-repeat:round}.rtl .elementor-widget-divider .elementor-divider__text{direction:rtl}.e-con-inner>.elementor-widget-divider,.e-con>.elementor-widget-divider{width:var(--container-widget-width,100%);--flex-grow:var(--container-widget-flex-grow)}<\/style>\t\t<div class=\"elementor-divider\">\n\t\t\t<span class=\"elementor-divider-separator\">\n\t\t\t\t\t\t<\/span>\n\t\t<\/div>\n\t\t\t\t<\/div>\n\t\t\t\t<\/div>\n\t\t\t\t<div class=\"elementor-element elementor-element-3d169b0 elementor-invisible elementor-widget elementor-widget-text-editor\" data-id=\"3d169b0\" data-element_type=\"widget\" data-settings=\"{&quot;_animation&quot;:&quot;fadeIn&quot;,&quot;_animation_delay&quot;:200}\" data-widget_type=\"text-editor.default\">\n\t\t\t\t<div class=\"elementor-widget-container\">\n\t\t\t\t\t\t\t<p><strong>Did you know about our foreign exchange programme?<\/strong><\/p><p>Junto con la Universidad de Florida (Estados Unidos) se lleva a cabo el intercambio colaborativo virtual COIL (Collaborative Online International Learning).<\/p><p>\u00bfQu\u00e9 es COIL? Es una nueva metodolog\u00eda pedag\u00f3gica que busca la colaboraci\u00f3n internacional entre varias instituciones a trav\u00e9s del medio online. Como parte del programa \u201cInternacionalizaci\u00f3n en casa\u201d, este proyecto pretende que estudiantes de dos o m\u00e1s universidades y pa\u00edses diferentes, aprendan de una manera global, a trav\u00e9s de una experiencia docente internacional.<\/p>\t\t\t\t\t\t<\/div>\n\t\t\t\t<\/div>\n\t\t\t\t\t<\/div>\n\t\t<\/div>\n\t\t\t\t\t\t\t<\/div>\n\t\t<\/section>\n\t\t\t\t\t<\/div>\n\t\t<\/div>\n\t\t\t\t\t\t\t<\/div>\n\t\t<\/section>\n\t\t\t\t\t\t\t<\/div>","protected":false},"excerpt":{"rendered":"<p>Servicio de traducci\u00f3n Un equipo especializado El equipo de traductores del Instituto Lenguas Vivas Bariloche se encarga de traducciones literarias, cient\u00edfico-t\u00e9cnicas y jur\u00eddicas, as\u00ed como tambi\u00e9n interpretaciones ad hoc. Para eso es necesario que se pongan en contacto con nosotros y nos env\u00eden el trabajo para presupuestar. De ser necesario, todo el proceso se puede [&hellip;]<\/p>","protected":false},"author":1,"featured_media":0,"parent":0,"menu_order":0,"comment_status":"closed","ping_status":"closed","template":"","meta":{"footnotes":""},"class_list":["post-757","page","type-page","status-publish","hentry"],"yoast_head":"<!-- This site is optimized with the Yoast SEO plugin v20.4 - https:\/\/yoast.com\/wordpress\/plugins\/seo\/ -->\n<title>Servicio de traducci\u00f3n - Lenguas Vivas Bariloche<\/title>\n<meta name=\"robots\" content=\"index, follow, max-snippet:-1, max-image-preview:large, max-video-preview:-1\" \/>\n<link rel=\"canonical\" href=\"https:\/\/lenguasvivasbariloche.edu.ar\/en\/servicio-de-traduccion\/\" \/>\n<meta property=\"og:locale\" content=\"en_US\" \/>\n<meta property=\"og:type\" content=\"article\" \/>\n<meta property=\"og:title\" content=\"Servicio de traducci\u00f3n - Lenguas Vivas Bariloche\" \/>\n<meta property=\"og:description\" content=\"Servicio de traducci\u00f3n Un equipo especializado El equipo de traductores del Instituto Lenguas Vivas Bariloche se encarga de traducciones literarias, cient\u00edfico-t\u00e9cnicas y jur\u00eddicas, as\u00ed como tambi\u00e9n interpretaciones ad hoc. Para eso es necesario que se pongan en contacto con nosotros y nos env\u00eden el trabajo para presupuestar. De ser necesario, todo el proceso se puede [&hellip;]\" \/>\n<meta property=\"og:url\" content=\"https:\/\/lenguasvivasbariloche.edu.ar\/en\/servicio-de-traduccion\/\" \/>\n<meta property=\"og:site_name\" content=\"Lenguas Vivas Bariloche\" \/>\n<meta property=\"article:publisher\" content=\"https:\/\/www.facebook.com\/instituto.lenguasvivas.bariloche\/\" \/>\n<meta property=\"article:modified_time\" content=\"2022-07-05T20:03:24+00:00\" \/>\n<meta name=\"twitter:card\" content=\"summary_large_image\" \/>\n<meta name=\"twitter:label1\" content=\"Est. reading time\" \/>\n\t<meta name=\"twitter:data1\" content=\"1 minute\" \/>\n<script type=\"application\/ld+json\" class=\"yoast-schema-graph\">{\"@context\":\"https:\/\/schema.org\",\"@graph\":[{\"@type\":\"WebPage\",\"@id\":\"https:\/\/lenguasvivasbariloche.edu.ar\/servicio-de-traduccion\/\",\"url\":\"https:\/\/lenguasvivasbariloche.edu.ar\/servicio-de-traduccion\/\",\"name\":\"Servicio de traducci\u00f3n - Lenguas Vivas Bariloche\",\"isPartOf\":{\"@id\":\"https:\/\/lenguasvivasbariloche.edu.ar\/#website\"},\"datePublished\":\"2022-03-11T04:54:38+00:00\",\"dateModified\":\"2022-07-05T20:03:24+00:00\",\"breadcrumb\":{\"@id\":\"https:\/\/lenguasvivasbariloche.edu.ar\/servicio-de-traduccion\/#breadcrumb\"},\"inLanguage\":\"en-US\",\"potentialAction\":[{\"@type\":\"ReadAction\",\"target\":[\"https:\/\/lenguasvivasbariloche.edu.ar\/servicio-de-traduccion\/\"]}]},{\"@type\":\"BreadcrumbList\",\"@id\":\"https:\/\/lenguasvivasbariloche.edu.ar\/servicio-de-traduccion\/#breadcrumb\",\"itemListElement\":[{\"@type\":\"ListItem\",\"position\":1,\"name\":\"Inicio\",\"item\":\"https:\/\/lenguasvivasbariloche.edu.ar\/\"},{\"@type\":\"ListItem\",\"position\":2,\"name\":\"Servicio de traducci\u00f3n\"}]},{\"@type\":\"WebSite\",\"@id\":\"https:\/\/lenguasvivasbariloche.edu.ar\/#website\",\"url\":\"https:\/\/lenguasvivasbariloche.edu.ar\/\",\"name\":\"Lenguas Vivas Bariloche\",\"description\":\"Profesorado de ingl\u00e9s a distancia\",\"publisher\":{\"@id\":\"https:\/\/lenguasvivasbariloche.edu.ar\/#organization\"},\"potentialAction\":[{\"@type\":\"SearchAction\",\"target\":{\"@type\":\"EntryPoint\",\"urlTemplate\":\"https:\/\/lenguasvivasbariloche.edu.ar\/?s={search_term_string}\"},\"query-input\":\"required name=search_term_string\"}],\"inLanguage\":\"en-US\"},{\"@type\":\"Organization\",\"@id\":\"https:\/\/lenguasvivasbariloche.edu.ar\/#organization\",\"name\":\"Lenguas Vivas Bariloche\",\"url\":\"https:\/\/lenguasvivasbariloche.edu.ar\/\",\"logo\":{\"@type\":\"ImageObject\",\"inLanguage\":\"en-US\",\"@id\":\"https:\/\/lenguasvivasbariloche.edu.ar\/#\/schema\/logo\/image\/\",\"url\":\"https:\/\/lenguasvivasbariloche.edu.ar\/wp-content\/uploads\/2022\/03\/lenguas-vivas_con-bajada-1.png\",\"contentUrl\":\"https:\/\/lenguasvivasbariloche.edu.ar\/wp-content\/uploads\/2022\/03\/lenguas-vivas_con-bajada-1.png\",\"width\":695,\"height\":202,\"caption\":\"Lenguas Vivas Bariloche\"},\"image\":{\"@id\":\"https:\/\/lenguasvivasbariloche.edu.ar\/#\/schema\/logo\/image\/\"},\"sameAs\":[\"https:\/\/www.facebook.com\/instituto.lenguasvivas.bariloche\/\",\"https:\/\/www.instagram.com\/lenguasvivasbariloche\/\",\"https:\/\/www.linkedin.com\/company\/ifdc-lenguas-vivas\/\",\"https:\/\/www.youtube.com\/channel\/UC46lr58dHe4ykajP0BKHSMA\"]}]}<\/script>\n<!-- \/ Yoast SEO plugin. -->","yoast_head_json":{"title":"Servicio de traducci\u00f3n - Lenguas Vivas Bariloche","robots":{"index":"index","follow":"follow","max-snippet":"max-snippet:-1","max-image-preview":"max-image-preview:large","max-video-preview":"max-video-preview:-1"},"canonical":"https:\/\/lenguasvivasbariloche.edu.ar\/en\/servicio-de-traduccion\/","og_locale":"en_US","og_type":"article","og_title":"Servicio de traducci\u00f3n - Lenguas Vivas Bariloche","og_description":"Servicio de traducci\u00f3n Un equipo especializado El equipo de traductores del Instituto Lenguas Vivas Bariloche se encarga de traducciones literarias, cient\u00edfico-t\u00e9cnicas y jur\u00eddicas, as\u00ed como tambi\u00e9n interpretaciones ad hoc. Para eso es necesario que se pongan en contacto con nosotros y nos env\u00eden el trabajo para presupuestar. De ser necesario, todo el proceso se puede [&hellip;]","og_url":"https:\/\/lenguasvivasbariloche.edu.ar\/en\/servicio-de-traduccion\/","og_site_name":"Lenguas Vivas Bariloche","article_publisher":"https:\/\/www.facebook.com\/instituto.lenguasvivas.bariloche\/","article_modified_time":"2022-07-05T20:03:24+00:00","twitter_card":"summary_large_image","twitter_misc":{"Est. reading time":"1 minute"},"schema":{"@context":"https:\/\/schema.org","@graph":[{"@type":"WebPage","@id":"https:\/\/lenguasvivasbariloche.edu.ar\/servicio-de-traduccion\/","url":"https:\/\/lenguasvivasbariloche.edu.ar\/servicio-de-traduccion\/","name":"Servicio de traducci\u00f3n - Lenguas Vivas Bariloche","isPartOf":{"@id":"https:\/\/lenguasvivasbariloche.edu.ar\/#website"},"datePublished":"2022-03-11T04:54:38+00:00","dateModified":"2022-07-05T20:03:24+00:00","breadcrumb":{"@id":"https:\/\/lenguasvivasbariloche.edu.ar\/servicio-de-traduccion\/#breadcrumb"},"inLanguage":"en-US","potentialAction":[{"@type":"ReadAction","target":["https:\/\/lenguasvivasbariloche.edu.ar\/servicio-de-traduccion\/"]}]},{"@type":"BreadcrumbList","@id":"https:\/\/lenguasvivasbariloche.edu.ar\/servicio-de-traduccion\/#breadcrumb","itemListElement":[{"@type":"ListItem","position":1,"name":"Inicio","item":"https:\/\/lenguasvivasbariloche.edu.ar\/"},{"@type":"ListItem","position":2,"name":"Servicio de traducci\u00f3n"}]},{"@type":"WebSite","@id":"https:\/\/lenguasvivasbariloche.edu.ar\/#website","url":"https:\/\/lenguasvivasbariloche.edu.ar\/","name":"Lenguas Vivas Bariloche","description":"Profesorado de ingl\u00e9s a distancia","publisher":{"@id":"https:\/\/lenguasvivasbariloche.edu.ar\/#organization"},"potentialAction":[{"@type":"SearchAction","target":{"@type":"EntryPoint","urlTemplate":"https:\/\/lenguasvivasbariloche.edu.ar\/?s={search_term_string}"},"query-input":"required name=search_term_string"}],"inLanguage":"en-US"},{"@type":"Organization","@id":"https:\/\/lenguasvivasbariloche.edu.ar\/#organization","name":"Lenguas Vivas Bariloche","url":"https:\/\/lenguasvivasbariloche.edu.ar\/","logo":{"@type":"ImageObject","inLanguage":"en-US","@id":"https:\/\/lenguasvivasbariloche.edu.ar\/#\/schema\/logo\/image\/","url":"https:\/\/lenguasvivasbariloche.edu.ar\/wp-content\/uploads\/2022\/03\/lenguas-vivas_con-bajada-1.png","contentUrl":"https:\/\/lenguasvivasbariloche.edu.ar\/wp-content\/uploads\/2022\/03\/lenguas-vivas_con-bajada-1.png","width":695,"height":202,"caption":"Lenguas Vivas Bariloche"},"image":{"@id":"https:\/\/lenguasvivasbariloche.edu.ar\/#\/schema\/logo\/image\/"},"sameAs":["https:\/\/www.facebook.com\/instituto.lenguasvivas.bariloche\/","https:\/\/www.instagram.com\/lenguasvivasbariloche\/","https:\/\/www.linkedin.com\/company\/ifdc-lenguas-vivas\/","https:\/\/www.youtube.com\/channel\/UC46lr58dHe4ykajP0BKHSMA"]}]}},"_links":{"self":[{"href":"https:\/\/lenguasvivasbariloche.edu.ar\/en\/wp-json\/wp\/v2\/pages\/757","targetHints":{"allow":["GET"]}}],"collection":[{"href":"https:\/\/lenguasvivasbariloche.edu.ar\/en\/wp-json\/wp\/v2\/pages"}],"about":[{"href":"https:\/\/lenguasvivasbariloche.edu.ar\/en\/wp-json\/wp\/v2\/types\/page"}],"author":[{"embeddable":true,"href":"https:\/\/lenguasvivasbariloche.edu.ar\/en\/wp-json\/wp\/v2\/users\/1"}],"replies":[{"embeddable":true,"href":"https:\/\/lenguasvivasbariloche.edu.ar\/en\/wp-json\/wp\/v2\/comments?post=757"}],"version-history":[{"count":13,"href":"https:\/\/lenguasvivasbariloche.edu.ar\/en\/wp-json\/wp\/v2\/pages\/757\/revisions"}],"predecessor-version":[{"id":1536,"href":"https:\/\/lenguasvivasbariloche.edu.ar\/en\/wp-json\/wp\/v2\/pages\/757\/revisions\/1536"}],"wp:attachment":[{"href":"https:\/\/lenguasvivasbariloche.edu.ar\/en\/wp-json\/wp\/v2\/media?parent=757"}],"curies":[{"name":"wp","href":"https:\/\/api.w.org\/{rel}","templated":true}]}}