{"id":685,"date":"2022-03-10T19:55:19","date_gmt":"2022-03-10T22:55:19","guid":{"rendered":"https:\/\/lenguasvivasbariloche.edu.ar\/?page_id=685"},"modified":"2022-07-05T17:03:24","modified_gmt":"2022-07-05T20:03:24","slug":"marco-legal","status":"publish","type":"page","link":"https:\/\/lenguasvivasbariloche.edu.ar\/en\/marco-legal\/","title":{"rendered":"Marco legal"},"content":{"rendered":"<div data-elementor-type=\"wp-page\" data-elementor-id=\"685\" class=\"elementor elementor-685\">\n\t\t\t\t\t\t\t\t\t<section class=\"elementor-section elementor-top-section elementor-element elementor-element-f52161d elementor-section-full_width elementor-section-height-default elementor-section-height-default\" data-id=\"f52161d\" data-element_type=\"section\" data-settings=\"{&quot;background_background&quot;:&quot;classic&quot;}\">\n\t\t\t\t\t\t\t<div class=\"elementor-background-overlay\"><\/div>\n\t\t\t\t\t\t\t<div class=\"elementor-container elementor-column-gap-default\">\n\t\t\t\t\t<div class=\"elementor-column elementor-col-100 elementor-top-column elementor-element elementor-element-65001cbd\" data-id=\"65001cbd\" data-element_type=\"column\" data-settings=\"{&quot;background_background&quot;:&quot;classic&quot;}\">\n\t\t\t<div class=\"elementor-widget-wrap elementor-element-populated\">\n\t\t\t\t\t\t\t\t<section class=\"elementor-section elementor-inner-section elementor-element elementor-element-52993d27 elementor-section-boxed elementor-section-height-default elementor-section-height-default elementor-invisible\" data-id=\"52993d27\" data-element_type=\"section\" data-settings=\"{&quot;animation&quot;:&quot;fadeIn&quot;}\">\n\t\t\t\t\t\t<div class=\"elementor-container elementor-column-gap-default\">\n\t\t\t\t\t<div class=\"elementor-column elementor-col-100 elementor-inner-column elementor-element elementor-element-28f0fb94\" data-id=\"28f0fb94\" data-element_type=\"column\" data-settings=\"{&quot;background_background&quot;:&quot;classic&quot;}\">\n\t\t\t<div class=\"elementor-widget-wrap elementor-element-populated\">\n\t\t\t\t\t\t\t\t<div class=\"elementor-element elementor-element-1cdf623f elementor-widget elementor-widget-heading\" data-id=\"1cdf623f\" data-element_type=\"widget\" data-widget_type=\"heading.default\">\n\t\t\t\t<div class=\"elementor-widget-container\">\n\t\t\t<style>\/*! elementor - v3.13.3 - 28-05-2023 *\/\n.elementor-heading-title{padding:0;margin:0;line-height:1}.elementor-widget-heading .elementor-heading-title[class*=elementor-size-]>a{color:inherit;font-size:inherit;line-height:inherit}.elementor-widget-heading .elementor-heading-title.elementor-size-small{font-size:15px}.elementor-widget-heading .elementor-heading-title.elementor-size-medium{font-size:19px}.elementor-widget-heading .elementor-heading-title.elementor-size-large{font-size:29px}.elementor-widget-heading .elementor-heading-title.elementor-size-xl{font-size:39px}.elementor-widget-heading .elementor-heading-title.elementor-size-xxl{font-size:59px}<\/style><h2 class=\"elementor-heading-title elementor-size-default\">Legal framework<\/h2>\t\t<\/div>\n\t\t\t\t<\/div>\n\t\t\t\t<div class=\"elementor-element elementor-element-987587c elementor-widget elementor-widget-heading\" data-id=\"987587c\" data-element_type=\"widget\" data-widget_type=\"heading.default\">\n\t\t\t\t<div class=\"elementor-widget-container\">\n\t\t\t<h6 class=\"elementor-heading-title elementor-size-default\">Validez de t\u00edtulos & Aprobaci\u00f3n legal<\/h6>\t\t<\/div>\n\t\t\t\t<\/div>\n\t\t\t\t\t<\/div>\n\t\t<\/div>\n\t\t\t\t\t\t\t<\/div>\n\t\t<\/section>\n\t\t\t\t\t<\/div>\n\t\t<\/div>\n\t\t\t\t\t\t\t<\/div>\n\t\t<\/section>\n\t\t\t\t<section class=\"elementor-section elementor-top-section elementor-element elementor-element-eac753f elementor-section-boxed elementor-section-height-default elementor-section-height-default\" data-id=\"eac753f\" data-element_type=\"section\">\n\t\t\t\t\t\t<div class=\"elementor-container elementor-column-gap-default\">\n\t\t\t\t\t<div class=\"elementor-column elementor-col-100 elementor-top-column elementor-element elementor-element-b65a131\" data-id=\"b65a131\" data-element_type=\"column\">\n\t\t\t<div class=\"elementor-widget-wrap elementor-element-populated\">\n\t\t\t\t\t\t\t\t<section class=\"elementor-section elementor-inner-section elementor-element elementor-element-008498b elementor-section-boxed elementor-section-height-default elementor-section-height-default\" data-id=\"008498b\" data-element_type=\"section\">\n\t\t\t\t\t\t<div class=\"elementor-container elementor-column-gap-default\">\n\t\t\t\t\t<div class=\"elementor-column elementor-col-100 elementor-inner-column elementor-element elementor-element-7fb8379 elementor-invisible\" data-id=\"7fb8379\" data-element_type=\"column\" data-settings=\"{&quot;animation&quot;:&quot;fadeIn&quot;}\">\n\t\t\t<div class=\"elementor-widget-wrap elementor-element-populated\">\n\t\t\t\t\t\t\t\t<div class=\"elementor-element elementor-element-8ac36de elementor-invisible elementor-widget elementor-widget-heading\" data-id=\"8ac36de\" data-element_type=\"widget\" data-settings=\"{&quot;_animation&quot;:&quot;fadeIn&quot;}\" data-widget_type=\"heading.default\">\n\t\t\t\t<div class=\"elementor-widget-container\">\n\t\t\t<h2 class=\"elementor-heading-title elementor-size-default\">Validez de los t\u00edtulos otorgados<\/h2>\t\t<\/div>\n\t\t\t\t<\/div>\n\t\t\t\t<div class=\"elementor-element elementor-element-96feaec elementor-widget-divider--view-line elementor-widget elementor-widget-divider\" data-id=\"96feaec\" data-element_type=\"widget\" data-widget_type=\"divider.default\">\n\t\t\t\t<div class=\"elementor-widget-container\">\n\t\t\t<style>\/*! elementor - v3.13.3 - 28-05-2023 *\/\n.elementor-widget-divider{--divider-border-style:none;--divider-border-width:1px;--divider-color:#0c0d0e;--divider-icon-size:20px;--divider-element-spacing:10px;--divider-pattern-height:24px;--divider-pattern-size:20px;--divider-pattern-url:none;--divider-pattern-repeat:repeat-x}.elementor-widget-divider .elementor-divider{display:flex}.elementor-widget-divider .elementor-divider__text{font-size:15px;line-height:1;max-width:95%}.elementor-widget-divider .elementor-divider__element{margin:0 var(--divider-element-spacing);flex-shrink:0}.elementor-widget-divider .elementor-icon{font-size:var(--divider-icon-size)}.elementor-widget-divider .elementor-divider-separator{display:flex;margin:0;direction:ltr}.elementor-widget-divider--view-line_icon .elementor-divider-separator,.elementor-widget-divider--view-line_text .elementor-divider-separator{align-items:center}.elementor-widget-divider--view-line_icon .elementor-divider-separator:after,.elementor-widget-divider--view-line_icon .elementor-divider-separator:before,.elementor-widget-divider--view-line_text .elementor-divider-separator:after,.elementor-widget-divider--view-line_text .elementor-divider-separator:before{display:block;content:\"\";border-bottom:0;flex-grow:1;border-top:var(--divider-border-width) var(--divider-border-style) var(--divider-color)}.elementor-widget-divider--element-align-left .elementor-divider .elementor-divider-separator>.elementor-divider__svg:first-of-type{flex-grow:0;flex-shrink:100}.elementor-widget-divider--element-align-left .elementor-divider-separator:before{content:none}.elementor-widget-divider--element-align-left .elementor-divider__element{margin-left:0}.elementor-widget-divider--element-align-right .elementor-divider .elementor-divider-separator>.elementor-divider__svg:last-of-type{flex-grow:0;flex-shrink:100}.elementor-widget-divider--element-align-right .elementor-divider-separator:after{content:none}.elementor-widget-divider--element-align-right .elementor-divider__element{margin-right:0}.elementor-widget-divider:not(.elementor-widget-divider--view-line_text):not(.elementor-widget-divider--view-line_icon) .elementor-divider-separator{border-top:var(--divider-border-width) var(--divider-border-style) var(--divider-color)}.elementor-widget-divider--separator-type-pattern{--divider-border-style:none}.elementor-widget-divider--separator-type-pattern.elementor-widget-divider--view-line .elementor-divider-separator,.elementor-widget-divider--separator-type-pattern:not(.elementor-widget-divider--view-line) .elementor-divider-separator:after,.elementor-widget-divider--separator-type-pattern:not(.elementor-widget-divider--view-line) .elementor-divider-separator:before,.elementor-widget-divider--separator-type-pattern:not([class*=elementor-widget-divider--view]) .elementor-divider-separator{width:100%;min-height:var(--divider-pattern-height);-webkit-mask-size:var(--divider-pattern-size) 100%;mask-size:var(--divider-pattern-size) 100%;-webkit-mask-repeat:var(--divider-pattern-repeat);mask-repeat:var(--divider-pattern-repeat);background-color:var(--divider-color);-webkit-mask-image:var(--divider-pattern-url);mask-image:var(--divider-pattern-url)}.elementor-widget-divider--no-spacing{--divider-pattern-size:auto}.elementor-widget-divider--bg-round{--divider-pattern-repeat:round}.rtl .elementor-widget-divider .elementor-divider__text{direction:rtl}.e-con-inner>.elementor-widget-divider,.e-con>.elementor-widget-divider{width:var(--container-widget-width,100%);--flex-grow:var(--container-widget-flex-grow)}<\/style>\t\t<div class=\"elementor-divider\">\n\t\t\t<span class=\"elementor-divider-separator\">\n\t\t\t\t\t\t<\/span>\n\t\t<\/div>\n\t\t\t\t<\/div>\n\t\t\t\t<\/div>\n\t\t\t\t<div class=\"elementor-element elementor-element-3efc6e4 elementor-invisible elementor-widget elementor-widget-text-editor\" data-id=\"3efc6e4\" data-element_type=\"widget\" data-settings=\"{&quot;_animation&quot;:&quot;fadeIn&quot;,&quot;_animation_delay&quot;:200}\" data-widget_type=\"text-editor.default\">\n\t\t\t\t<div class=\"elementor-widget-container\">\n\t\t\t<style>\/*! elementor - v3.13.3 - 28-05-2023 *\/\n.elementor-widget-text-editor.elementor-drop-cap-view-stacked .elementor-drop-cap{background-color:#69727d;color:#fff}.elementor-widget-text-editor.elementor-drop-cap-view-framed .elementor-drop-cap{color:#69727d;border:3px solid;background-color:transparent}.elementor-widget-text-editor:not(.elementor-drop-cap-view-default) .elementor-drop-cap{margin-top:8px}.elementor-widget-text-editor:not(.elementor-drop-cap-view-default) .elementor-drop-cap-letter{width:1em;height:1em}.elementor-widget-text-editor .elementor-drop-cap{float:left;text-align:center;line-height:1;font-size:50px}.elementor-widget-text-editor .elementor-drop-cap-letter{display:inline-block}<\/style>\t\t\t\t<p>El\u00a0 Instituto de Formaci\u00f3n Docente Continua Lenguas Vivas Bariloche est\u00e1 incorporado a la ense\u00f1anza oficial bajo Registro N\u00b0 A-52, del Consejo Provincial de Educaci\u00f3n de la Provincia de R\u00edo Negro. La instituci\u00f3n posee adem\u00e1s acreditaci\u00f3n plena por Resoluci\u00f3n N\u00b03935\/00 del Consejo Provincial de Educaci\u00f3n de la Provincia de R\u00edo Negro y por Resoluci\u00f3n N\u00b0 433\/02 del Ministerio de Educaci\u00f3n, Ciencia y Tecnolog\u00eda de la Naci\u00f3n, lo cual avala la validez nacional de los t\u00edtulos que se otorgan.<\/p>\t\t\t\t\t\t<\/div>\n\t\t\t\t<\/div>\n\t\t\t\t\t<\/div>\n\t\t<\/div>\n\t\t\t\t\t\t\t<\/div>\n\t\t<\/section>\n\t\t\t\t<section class=\"elementor-section elementor-inner-section elementor-element elementor-element-d4b42e0 elementor-section-boxed elementor-section-height-default elementor-section-height-default\" data-id=\"d4b42e0\" data-element_type=\"section\">\n\t\t\t\t\t\t<div class=\"elementor-container elementor-column-gap-default\">\n\t\t\t\t\t<div class=\"elementor-column elementor-col-100 elementor-inner-column elementor-element elementor-element-ee527b3 elementor-invisible\" data-id=\"ee527b3\" data-element_type=\"column\" data-settings=\"{&quot;animation&quot;:&quot;fadeIn&quot;}\">\n\t\t\t<div class=\"elementor-widget-wrap elementor-element-populated\">\n\t\t\t\t\t\t\t\t<div class=\"elementor-element elementor-element-7077de9 elementor-invisible elementor-widget elementor-widget-heading\" data-id=\"7077de9\" data-element_type=\"widget\" data-settings=\"{&quot;_animation&quot;:&quot;fadeIn&quot;}\" data-widget_type=\"heading.default\">\n\t\t\t\t<div class=\"elementor-widget-container\">\n\t\t\t<h2 class=\"elementor-heading-title elementor-size-default\">Aprobaci\u00f3n legal<\/h2>\t\t<\/div>\n\t\t\t\t<\/div>\n\t\t\t\t<div class=\"elementor-element elementor-element-338d335 elementor-widget-divider--view-line elementor-widget elementor-widget-divider\" data-id=\"338d335\" data-element_type=\"widget\" data-widget_type=\"divider.default\">\n\t\t\t\t<div class=\"elementor-widget-container\">\n\t\t\t\t\t<div class=\"elementor-divider\">\n\t\t\t<span class=\"elementor-divider-separator\">\n\t\t\t\t\t\t<\/span>\n\t\t<\/div>\n\t\t\t\t<\/div>\n\t\t\t\t<\/div>\n\t\t\t\t<div class=\"elementor-element elementor-element-1fb76ab elementor-invisible elementor-widget elementor-widget-text-editor\" data-id=\"1fb76ab\" data-element_type=\"widget\" data-settings=\"{&quot;_animation&quot;:&quot;fadeIn&quot;,&quot;_animation_delay&quot;:200}\" data-widget_type=\"text-editor.default\">\n\t\t\t\t<div class=\"elementor-widget-container\">\n\t\t\t\t\t\t\t<p><strong>Acta Dictamen Nro. 1811\/15 \u2013 Comisi\u00f3n Federal de Educaci\u00f3n \u2013 Aprobaci\u00f3n Plena<\/strong><\/p><p>:: CONFIABILIDAD DE LOS T\u00cdTULOS ::<\/p><p>Validez de los t\u00edtulos emitidos por las instituciones.<br \/>The Ministry of Education of Argentina has implemented a system that guarantees the accreditation of degrees and certificates issued by authorised higher education institutions.<br \/>El sistema, que cuenta con resguardo documental en todo el pa\u00eds, fue aprobado por el Consejo Federal de Educaci\u00f3n por Resoluci\u00f3n 59\/08 y tiene por objeto garantizar la confiabilidad de la documentaci\u00f3n y unificar los procedimientos de emisi\u00f3n de t\u00edtulos en las distintas jurisdicciones.<br \/>Para la confecci\u00f3n de los t\u00edtulos \u2013 un modelo \u00fanico en el pa\u00eds se utiliza papel impreso por la Casa de la Moneda en forma exclusiva, el cual es suministrado a las jurisdicciones bajo el control del Ministerio de Educaci\u00f3n.<br \/>Otras de las medidas de seguridad que aseguran la fidelidad y transparencia de los t\u00edtulos son las series numeradas, las marcas de agua y las tintas solo visibles con l\u00e1mparas UV. Asimismo, el t\u00edtulo que recibe el egresado queda registrado y archivado en la instituci\u00f3n educativa, en la jurisdicci\u00f3n correspondiente y en el \u00e1mbito nacional.<br \/>Con anterioridad a la implementaci\u00f3n de este sistema nacional, cada provincia emit\u00eda sus t\u00edtulos en distintos formatos, lo cual no garantizaba la confiabilidad de los mismos.<\/p>\t\t\t\t\t\t<\/div>\n\t\t\t\t<\/div>\n\t\t\t\t\t<\/div>\n\t\t<\/div>\n\t\t\t\t\t\t\t<\/div>\n\t\t<\/section>\n\t\t\t\t<section class=\"elementor-section elementor-inner-section elementor-element elementor-element-8069c4f elementor-section-boxed elementor-section-height-default elementor-section-height-default\" data-id=\"8069c4f\" data-element_type=\"section\">\n\t\t\t\t\t\t<div class=\"elementor-container elementor-column-gap-default\">\n\t\t\t\t\t<div class=\"elementor-column elementor-col-100 elementor-inner-column elementor-element elementor-element-efc5411 elementor-invisible\" data-id=\"efc5411\" data-element_type=\"column\" data-settings=\"{&quot;animation&quot;:&quot;fadeIn&quot;}\">\n\t\t\t<div class=\"elementor-widget-wrap elementor-element-populated\">\n\t\t\t\t\t\t\t\t<div class=\"elementor-element elementor-element-f85bfd2 elementor-invisible elementor-widget elementor-widget-heading\" data-id=\"f85bfd2\" data-element_type=\"widget\" data-settings=\"{&quot;_animation&quot;:&quot;fadeIn&quot;}\" data-widget_type=\"heading.default\">\n\t\t\t\t<div class=\"elementor-widget-container\">\n\t\t\t<h2 class=\"elementor-heading-title elementor-size-default\">Data fiscal\n<\/h2>\t\t<\/div>\n\t\t\t\t<\/div>\n\t\t\t\t<div class=\"elementor-element elementor-element-bda9615 elementor-widget-divider--view-line elementor-widget elementor-widget-divider\" data-id=\"bda9615\" data-element_type=\"widget\" data-widget_type=\"divider.default\">\n\t\t\t\t<div class=\"elementor-widget-container\">\n\t\t\t\t\t<div class=\"elementor-divider\">\n\t\t\t<span class=\"elementor-divider-separator\">\n\t\t\t\t\t\t<\/span>\n\t\t<\/div>\n\t\t\t\t<\/div>\n\t\t\t\t<\/div>\n\t\t\t\t<div class=\"elementor-element elementor-element-6a11605 elementor-invisible elementor-widget elementor-widget-text-editor\" data-id=\"6a11605\" data-element_type=\"widget\" data-settings=\"{&quot;_animation&quot;:&quot;fadeIn&quot;,&quot;_animation_delay&quot;:200}\" data-widget_type=\"text-editor.default\">\n\t\t\t\t<div class=\"elementor-widget-container\">\n\t\t\t\t\t\t\t<p><strong>INSTITUTO LENGUAS VIVAS BARILOCHE S.R.L.<\/strong><br \/><strong>CUIT:<\/strong>\u00a030-71044190-8<br \/><strong>Sitio WEB:<\/strong>\u00a0https:\/\/lenguasvivasbariloche.edu.ar<\/p><p><strong>CONTROLES REALIZADOS:<\/strong><\/p><ul><li>Est\u00e1 exento en el IVA.<\/li><li>Est\u00e1 inscripto en el Impuesto a las Ganancias<\/li><li>Tiene presentada\/s su\/s declaraci\u00f3n\/es jurada\/s de Ganancias<\/li><li>Tiene presentada\/s su\/s declaraci\u00f3n\/es jurada\/s como empleador.<\/li><li>Declara 13 empleados en el per\u00edodo 04\/2016<br \/><br \/><\/li><\/ul><p><i class=\"fa fa-external-link\"><\/i><strong><a href=\"https:\/\/servicios1.afip.gov.ar\/clavefiscal\/qr\/response.aspx?qr=ED2r6_PTii5F7BMhLV1oMA,,\" target=\"_blank\" rel=\"noopener noreferrer\">\u00a0Link a la consulta en AFIP<\/a><\/strong><\/p>\t\t\t\t\t\t<\/div>\n\t\t\t\t<\/div>\n\t\t\t\t\t<\/div>\n\t\t<\/div>\n\t\t\t\t\t\t\t<\/div>\n\t\t<\/section>\n\t\t\t\t\t<\/div>\n\t\t<\/div>\n\t\t\t\t\t\t\t<\/div>\n\t\t<\/section>\n\t\t\t\t\t\t\t<\/div>","protected":false},"excerpt":{"rendered":"<p>Marco Legal Validez de t\u00edtulos &#038; Aprobaci\u00f3n legal Validez de los t\u00edtulos otorgados El\u00a0 Instituto de Formaci\u00f3n Docente Continua Lenguas Vivas Bariloche est\u00e1 incorporado a la ense\u00f1anza oficial bajo Registro N\u00b0 A-52, del Consejo Provincial de Educaci\u00f3n de la Provincia de R\u00edo Negro. La instituci\u00f3n posee adem\u00e1s acreditaci\u00f3n plena por Resoluci\u00f3n N\u00b03935\/00 del Consejo Provincial [&hellip;]<\/p>","protected":false},"author":1,"featured_media":0,"parent":0,"menu_order":0,"comment_status":"closed","ping_status":"closed","template":"elementor_header_footer","meta":{"footnotes":""},"class_list":["post-685","page","type-page","status-publish","hentry"],"yoast_head":"<!-- This site is optimized with the Yoast SEO plugin v20.4 - https:\/\/yoast.com\/wordpress\/plugins\/seo\/ -->\n<title>Marco legal - Lenguas Vivas Bariloche<\/title>\n<meta name=\"robots\" content=\"index, follow, max-snippet:-1, max-image-preview:large, max-video-preview:-1\" \/>\n<link rel=\"canonical\" href=\"https:\/\/lenguasvivasbariloche.edu.ar\/en\/marco-legal\/\" \/>\n<meta property=\"og:locale\" content=\"en_US\" \/>\n<meta property=\"og:type\" content=\"article\" \/>\n<meta property=\"og:title\" content=\"Marco legal - Lenguas Vivas Bariloche\" \/>\n<meta property=\"og:description\" content=\"Marco Legal Validez de t\u00edtulos &#038; Aprobaci\u00f3n legal Validez de los t\u00edtulos otorgados El\u00a0 Instituto de Formaci\u00f3n Docente Continua Lenguas Vivas Bariloche est\u00e1 incorporado a la ense\u00f1anza oficial bajo Registro N\u00b0 A-52, del Consejo Provincial de Educaci\u00f3n de la Provincia de R\u00edo Negro. La instituci\u00f3n posee adem\u00e1s acreditaci\u00f3n plena por Resoluci\u00f3n N\u00b03935\/00 del Consejo Provincial [&hellip;]\" \/>\n<meta property=\"og:url\" content=\"https:\/\/lenguasvivasbariloche.edu.ar\/en\/marco-legal\/\" \/>\n<meta property=\"og:site_name\" content=\"Lenguas Vivas Bariloche\" \/>\n<meta property=\"article:publisher\" content=\"https:\/\/www.facebook.com\/instituto.lenguasvivas.bariloche\/\" \/>\n<meta property=\"article:modified_time\" content=\"2022-07-05T20:03:24+00:00\" \/>\n<meta name=\"twitter:card\" content=\"summary_large_image\" \/>\n<meta name=\"twitter:label1\" content=\"Est. reading time\" \/>\n\t<meta name=\"twitter:data1\" content=\"2 minutes\" \/>\n<script type=\"application\/ld+json\" class=\"yoast-schema-graph\">{\"@context\":\"https:\/\/schema.org\",\"@graph\":[{\"@type\":\"WebPage\",\"@id\":\"https:\/\/lenguasvivasbariloche.edu.ar\/marco-legal\/\",\"url\":\"https:\/\/lenguasvivasbariloche.edu.ar\/marco-legal\/\",\"name\":\"Marco legal - Lenguas Vivas Bariloche\",\"isPartOf\":{\"@id\":\"https:\/\/lenguasvivasbariloche.edu.ar\/#website\"},\"datePublished\":\"2022-03-10T22:55:19+00:00\",\"dateModified\":\"2022-07-05T20:03:24+00:00\",\"breadcrumb\":{\"@id\":\"https:\/\/lenguasvivasbariloche.edu.ar\/marco-legal\/#breadcrumb\"},\"inLanguage\":\"en-US\",\"potentialAction\":[{\"@type\":\"ReadAction\",\"target\":[\"https:\/\/lenguasvivasbariloche.edu.ar\/marco-legal\/\"]}]},{\"@type\":\"BreadcrumbList\",\"@id\":\"https:\/\/lenguasvivasbariloche.edu.ar\/marco-legal\/#breadcrumb\",\"itemListElement\":[{\"@type\":\"ListItem\",\"position\":1,\"name\":\"Inicio\",\"item\":\"https:\/\/lenguasvivasbariloche.edu.ar\/\"},{\"@type\":\"ListItem\",\"position\":2,\"name\":\"Marco legal\"}]},{\"@type\":\"WebSite\",\"@id\":\"https:\/\/lenguasvivasbariloche.edu.ar\/#website\",\"url\":\"https:\/\/lenguasvivasbariloche.edu.ar\/\",\"name\":\"Lenguas Vivas Bariloche\",\"description\":\"Profesorado de ingl\u00e9s a distancia\",\"publisher\":{\"@id\":\"https:\/\/lenguasvivasbariloche.edu.ar\/#organization\"},\"potentialAction\":[{\"@type\":\"SearchAction\",\"target\":{\"@type\":\"EntryPoint\",\"urlTemplate\":\"https:\/\/lenguasvivasbariloche.edu.ar\/?s={search_term_string}\"},\"query-input\":\"required name=search_term_string\"}],\"inLanguage\":\"en-US\"},{\"@type\":\"Organization\",\"@id\":\"https:\/\/lenguasvivasbariloche.edu.ar\/#organization\",\"name\":\"Lenguas Vivas Bariloche\",\"url\":\"https:\/\/lenguasvivasbariloche.edu.ar\/\",\"logo\":{\"@type\":\"ImageObject\",\"inLanguage\":\"en-US\",\"@id\":\"https:\/\/lenguasvivasbariloche.edu.ar\/#\/schema\/logo\/image\/\",\"url\":\"https:\/\/lenguasvivasbariloche.edu.ar\/wp-content\/uploads\/2022\/03\/lenguas-vivas_con-bajada-1.png\",\"contentUrl\":\"https:\/\/lenguasvivasbariloche.edu.ar\/wp-content\/uploads\/2022\/03\/lenguas-vivas_con-bajada-1.png\",\"width\":695,\"height\":202,\"caption\":\"Lenguas Vivas Bariloche\"},\"image\":{\"@id\":\"https:\/\/lenguasvivasbariloche.edu.ar\/#\/schema\/logo\/image\/\"},\"sameAs\":[\"https:\/\/www.facebook.com\/instituto.lenguasvivas.bariloche\/\",\"https:\/\/www.instagram.com\/lenguasvivasbariloche\/\",\"https:\/\/www.linkedin.com\/company\/ifdc-lenguas-vivas\/\",\"https:\/\/www.youtube.com\/channel\/UC46lr58dHe4ykajP0BKHSMA\"]}]}<\/script>\n<!-- \/ Yoast SEO plugin. -->","yoast_head_json":{"title":"Marco legal - Lenguas Vivas Bariloche","robots":{"index":"index","follow":"follow","max-snippet":"max-snippet:-1","max-image-preview":"max-image-preview:large","max-video-preview":"max-video-preview:-1"},"canonical":"https:\/\/lenguasvivasbariloche.edu.ar\/en\/marco-legal\/","og_locale":"en_US","og_type":"article","og_title":"Marco legal - Lenguas Vivas Bariloche","og_description":"Marco Legal Validez de t\u00edtulos &#038; Aprobaci\u00f3n legal Validez de los t\u00edtulos otorgados El\u00a0 Instituto de Formaci\u00f3n Docente Continua Lenguas Vivas Bariloche est\u00e1 incorporado a la ense\u00f1anza oficial bajo Registro N\u00b0 A-52, del Consejo Provincial de Educaci\u00f3n de la Provincia de R\u00edo Negro. La instituci\u00f3n posee adem\u00e1s acreditaci\u00f3n plena por Resoluci\u00f3n N\u00b03935\/00 del Consejo Provincial [&hellip;]","og_url":"https:\/\/lenguasvivasbariloche.edu.ar\/en\/marco-legal\/","og_site_name":"Lenguas Vivas Bariloche","article_publisher":"https:\/\/www.facebook.com\/instituto.lenguasvivas.bariloche\/","article_modified_time":"2022-07-05T20:03:24+00:00","twitter_card":"summary_large_image","twitter_misc":{"Est. reading time":"2 minutes"},"schema":{"@context":"https:\/\/schema.org","@graph":[{"@type":"WebPage","@id":"https:\/\/lenguasvivasbariloche.edu.ar\/marco-legal\/","url":"https:\/\/lenguasvivasbariloche.edu.ar\/marco-legal\/","name":"Marco legal - Lenguas Vivas Bariloche","isPartOf":{"@id":"https:\/\/lenguasvivasbariloche.edu.ar\/#website"},"datePublished":"2022-03-10T22:55:19+00:00","dateModified":"2022-07-05T20:03:24+00:00","breadcrumb":{"@id":"https:\/\/lenguasvivasbariloche.edu.ar\/marco-legal\/#breadcrumb"},"inLanguage":"en-US","potentialAction":[{"@type":"ReadAction","target":["https:\/\/lenguasvivasbariloche.edu.ar\/marco-legal\/"]}]},{"@type":"BreadcrumbList","@id":"https:\/\/lenguasvivasbariloche.edu.ar\/marco-legal\/#breadcrumb","itemListElement":[{"@type":"ListItem","position":1,"name":"Inicio","item":"https:\/\/lenguasvivasbariloche.edu.ar\/"},{"@type":"ListItem","position":2,"name":"Marco legal"}]},{"@type":"WebSite","@id":"https:\/\/lenguasvivasbariloche.edu.ar\/#website","url":"https:\/\/lenguasvivasbariloche.edu.ar\/","name":"Lenguas Vivas Bariloche","description":"Profesorado de ingl\u00e9s a distancia","publisher":{"@id":"https:\/\/lenguasvivasbariloche.edu.ar\/#organization"},"potentialAction":[{"@type":"SearchAction","target":{"@type":"EntryPoint","urlTemplate":"https:\/\/lenguasvivasbariloche.edu.ar\/?s={search_term_string}"},"query-input":"required name=search_term_string"}],"inLanguage":"en-US"},{"@type":"Organization","@id":"https:\/\/lenguasvivasbariloche.edu.ar\/#organization","name":"Lenguas Vivas Bariloche","url":"https:\/\/lenguasvivasbariloche.edu.ar\/","logo":{"@type":"ImageObject","inLanguage":"en-US","@id":"https:\/\/lenguasvivasbariloche.edu.ar\/#\/schema\/logo\/image\/","url":"https:\/\/lenguasvivasbariloche.edu.ar\/wp-content\/uploads\/2022\/03\/lenguas-vivas_con-bajada-1.png","contentUrl":"https:\/\/lenguasvivasbariloche.edu.ar\/wp-content\/uploads\/2022\/03\/lenguas-vivas_con-bajada-1.png","width":695,"height":202,"caption":"Lenguas Vivas Bariloche"},"image":{"@id":"https:\/\/lenguasvivasbariloche.edu.ar\/#\/schema\/logo\/image\/"},"sameAs":["https:\/\/www.facebook.com\/instituto.lenguasvivas.bariloche\/","https:\/\/www.instagram.com\/lenguasvivasbariloche\/","https:\/\/www.linkedin.com\/company\/ifdc-lenguas-vivas\/","https:\/\/www.youtube.com\/channel\/UC46lr58dHe4ykajP0BKHSMA"]}]}},"_links":{"self":[{"href":"https:\/\/lenguasvivasbariloche.edu.ar\/en\/wp-json\/wp\/v2\/pages\/685","targetHints":{"allow":["GET"]}}],"collection":[{"href":"https:\/\/lenguasvivasbariloche.edu.ar\/en\/wp-json\/wp\/v2\/pages"}],"about":[{"href":"https:\/\/lenguasvivasbariloche.edu.ar\/en\/wp-json\/wp\/v2\/types\/page"}],"author":[{"embeddable":true,"href":"https:\/\/lenguasvivasbariloche.edu.ar\/en\/wp-json\/wp\/v2\/users\/1"}],"replies":[{"embeddable":true,"href":"https:\/\/lenguasvivasbariloche.edu.ar\/en\/wp-json\/wp\/v2\/comments?post=685"}],"version-history":[{"count":13,"href":"https:\/\/lenguasvivasbariloche.edu.ar\/en\/wp-json\/wp\/v2\/pages\/685\/revisions"}],"predecessor-version":[{"id":1211,"href":"https:\/\/lenguasvivasbariloche.edu.ar\/en\/wp-json\/wp\/v2\/pages\/685\/revisions\/1211"}],"wp:attachment":[{"href":"https:\/\/lenguasvivasbariloche.edu.ar\/en\/wp-json\/wp\/v2\/media?parent=685"}],"curies":[{"name":"wp","href":"https:\/\/api.w.org\/{rel}","templated":true}]}}